{"id":5491,"date":"2025-07-22T15:30:36","date_gmt":"2025-07-22T15:30:36","guid":{"rendered":"https:\/\/crisbarcala.com.ar\/vitalidad\/?post_type=product&#038;p=5491"},"modified":"2025-07-22T15:35:53","modified_gmt":"2025-07-22T15:35:53","slug":"primer-trimestre-vitalidad-en-movimiento","status":"publish","type":"product","link":"https:\/\/crisbarcala.com.ar\/vitalidad\/product\/primer-trimestre-vitalidad-en-movimiento\/","title":{"rendered":"Primer Trimestre Vitalidad en Movimiento"},"content":{"rendered":"","protected":false},"excerpt":{"rendered":"<p>Una experiencia de 3 meses para mujeres que quieren reconectar con su cuerpo, su energ\u00eda y su bienestar.<br \/>\nIncluye entrenamientos guiados, alimentaci\u00f3n consciente, conexi\u00f3n emocional y una comunidad \u00edntima que te acompa\u00f1a.<br \/>\nUn enfoque integral, realista y transformador, dise\u00f1ado para que empieces a sentirte m\u00e1s fuerte, liviana y enfocada desde el primer mes.<\/p>\n","protected":false},"featured_media":0,"comment_status":"open","ping_status":"closed","template":"","meta":[],"product_brand":[],"product_cat":[52],"product_tag":[],"class_list":{"0":"post-5491","1":"product","2":"type-product","3":"status-publish","5":"product_cat-programa-trimestral","7":"first","8":"instock","9":"taxable","10":"shipping-taxable","11":"product-type-external"},"jetpack_sharing_enabled":true,"_links":{"self":[{"href":"https:\/\/crisbarcala.com.ar\/vitalidad\/wp-json\/wp\/v2\/product\/5491","targetHints":{"allow":["GET"]}}],"collection":[{"href":"https:\/\/crisbarcala.com.ar\/vitalidad\/wp-json\/wp\/v2\/product"}],"about":[{"href":"https:\/\/crisbarcala.com.ar\/vitalidad\/wp-json\/wp\/v2\/types\/product"}],"replies":[{"embeddable":true,"href":"https:\/\/crisbarcala.com.ar\/vitalidad\/wp-json\/wp\/v2\/comments?post=5491"}],"wp:attachment":[{"href":"https:\/\/crisbarcala.com.ar\/vitalidad\/wp-json\/wp\/v2\/media?parent=5491"}],"wp:term":[{"taxonomy":"product_brand","embeddable":true,"href":"https:\/\/crisbarcala.com.ar\/vitalidad\/wp-json\/wp\/v2\/product_brand?post=5491"},{"taxonomy":"product_cat","embeddable":true,"href":"https:\/\/crisbarcala.com.ar\/vitalidad\/wp-json\/wp\/v2\/product_cat?post=5491"},{"taxonomy":"product_tag","embeddable":true,"href":"https:\/\/crisbarcala.com.ar\/vitalidad\/wp-json\/wp\/v2\/product_tag?post=5491"}],"curies":[{"name":"wp","href":"https:\/\/api.w.org\/{rel}","templated":true}]}}