{"id":5787,"date":"2025-08-17T07:49:24","date_gmt":"2025-08-17T07:49:24","guid":{"rendered":"https:\/\/crisbarcala.com.ar\/vitalidad\/?page_id=5787"},"modified":"2025-08-17T07:55:52","modified_gmt":"2025-08-17T07:55:52","slug":"lic","status":"publish","type":"page","link":"https:\/\/crisbarcala.com.ar\/vitalidad\/lic\/","title":{"rendered":"Alejandra Daguerre"},"content":{"rendered":"\t\t<div data-elementor-type=\"wp-page\" data-elementor-id=\"5787\" class=\"elementor elementor-5787\">\n\t\t\t\t        <section class=\"elementor-section elementor-top-section elementor-element elementor-element-c9896ff elementor-section-stretched pxl-row-scroll-fixed elementor-section-boxed elementor-section-height-default elementor-section-height-default pxl-zoom-point-false pxl-section-overflow-visible pxl-section-fix-none pxl-bg-color-none pxl-section-overlay-none\" data-id=\"c9896ff\" data-element_type=\"section\" data-settings=\"{&quot;stretch_section&quot;:&quot;section-stretched&quot;}\">\n\n                \n                <div class=\"elementor-container elementor-column-gap-extended \">\n                <div class=\"elementor-column elementor-col-33 elementor-top-column elementor-element elementor-element-ee20815 pxl-column-sticky pxl-column-overflow-hidden-no\" data-id=\"ee20815\" data-element_type=\"column\">\r\n        <div class=\"elementor-widget-wrap elementor-element-populated\">\r\n                     \r\n        \t\t<div class=\"elementor-element elementor-element-4518e4c elementor-widget__width-auto elementor-widget elementor-widget-pxl_image\" data-id=\"4518e4c\" data-element_type=\"widget\" data-widget_type=\"pxl_image.default\">\n\t\t\t\t<div class=\"elementor-widget-container\">\n\t\t\t\t\t<div id=\"pxl_image-4518e4c-8459\" class=\"pxl-image-single pxl-disable-parallax-sm   style-1\" data-wow-delay=\"ms\"  >\r\n    <div class=\"pxl-item--inner\" data-wow-delay=\"120ms\">\r\n                \r\n                                <div class=\"pxl-item--image\" data-parallax-value=\"\">\r\n                                                    <img fetchpriority=\"high\" decoding=\"async\" class=\"no-lazyload \" src=\"https:\/\/crisbarcala.com.ar\/vitalidad\/wp-content\/uploads\/2025\/08\/WhatsApp-Image-2025-08-14-at-3.53.45-PM-scaled-420x479.jpeg\" width=\"420\" height=\"479\" alt=\"WhatsApp Image 2025-08-14 at 3.53.45 PM\" title=\"WhatsApp Image 2025-08-14 at 3.53.45 PM\" \/>                                                                    <\/div>\r\n                                <\/div>\r\n<\/div>\t\t\t\t<\/div>\n\t\t\t\t<\/div>\n\t\t\t\t<div class=\"elementor-element elementor-element-c27d34d elementor-widget elementor-widget-pxl_heading\" data-id=\"c27d34d\" data-element_type=\"widget\" data-widget_type=\"pxl_heading.default\">\n\t\t\t\t<div class=\"elementor-widget-container\">\n\t\t\t\t\t\n<div id=\"pxl-pxl_heading-c27d34d-2675\" class=\"pxl-heading px-sub-title-default-style \">\n\t<div class=\"pxl-heading--inner\">\n\t\t\n\t\t<h3 class=\"pxl-item--title style-default highlight-default \" data-wow-delay=\"ms\">\n\n\t\t\t<span class=\"pxl-heading--text\">\n\n\t\t\t\t\t\t\t\t\tAlejandra Daguerre\t\n\t\t\t\t\t\n\n\t\t\t<\/span>\n\t\t<\/h3>\n\t\t\n\t<\/div>\n<\/div>\t\t\t\t<\/div>\n\t\t\t\t<\/div>\n\t\t\t\t<div class=\"elementor-element elementor-element-17eb4d2 elementor-widget elementor-widget-pxl_icon\" data-id=\"17eb4d2\" data-element_type=\"widget\" data-widget_type=\"pxl_icon.default\">\n\t\t\t\t<div class=\"elementor-widget-container\">\n\t\t\t\t\t    <div class=\"pxl-icon-list pxl-icon1 style-2 icon-horizontal\" data-wow-delay=\"ms\">\r\n                                    <a class=\"elementor-repeater-item-843f770 ps-top\" href=\"#\">\r\n                    <i aria-hidden=\"true\" class=\"fab fa-facebook-f\"><\/i>                                    <\/a>\r\n                                                <a class=\"elementor-repeater-item-161dc97 ps-top\" href=\"#\">\r\n                    <i aria-hidden=\"true\" class=\"fab fa-twitter\"><\/i>                                    <\/a>\r\n                                                <a class=\"elementor-repeater-item-acda300 ps-top\" href=\"#\">\r\n                    <i aria-hidden=\"true\" class=\"fab fa-pinterest\"><\/i>                                    <\/a>\r\n                                                <a class=\"elementor-repeater-item-233b7f1 ps-top\" href=\"#\">\r\n                    <i aria-hidden=\"true\" class=\"fab fa-google-plus-g\"><\/i>                                    <\/a>\r\n                                                <a class=\"elementor-repeater-item-24aad15 ps-top\" href=\"#\">\r\n                    <svg xmlns=\"http:\/\/www.w3.org\/2000\/svg\" width=\"11\" height=\"11\" viewBox=\"0 0 11 11\" fill=\"#4F7661\"><path d=\"M10.9144 1.85672V9.54768C10.9144 9.88477 10.7903 10.1775 10.5419 10.4259C10.2935 10.6743 9.99188 10.7985 9.63705 10.7985H1.9727C1.61787 10.7985 1.31627 10.6743 1.06788 10.4259C0.819503 10.1775 0.695312 9.88477 0.695312 9.54768V1.85672C0.695312 1.50189 0.819503 1.20029 1.06788 0.951905C1.31627 0.703523 1.61787 0.579332 1.9727 0.579332H9.63705C9.99188 0.579332 10.2935 0.703523 10.5419 0.951905C10.7903 1.20029 10.9144 1.50189 10.9144 1.85672ZM7.29517 4.19861C6.88711 3.77281 6.39035 3.55991 5.80488 3.55991C5.21941 3.55991 4.71377 3.77281 4.28798 4.19861C3.87992 4.60666 3.67589 5.10343 3.67589 5.6889C3.67589 6.27437 3.87992 6.78 4.28798 7.2058C4.71377 7.61385 5.21941 7.81788 5.80488 7.81788C6.39035 7.81788 6.88711 7.61385 7.29517 7.2058C7.72096 6.78 7.93386 6.27437 7.93386 5.6889C7.93386 5.10343 7.72096 4.60666 7.29517 4.19861ZM10.0628 3.13411V1.85672C10.0628 1.57286 9.92092 1.43093 9.63705 1.43093H8.35966C8.0758 1.43093 7.93386 1.57286 7.93386 1.85672V3.13411C7.93386 3.41798 8.0758 3.55991 8.35966 3.55991H9.63705C9.92092 3.55991 10.0628 3.41798 10.0628 3.13411ZM9.66366 9.94687C9.92979 9.94687 10.0628 9.80494 10.0628 9.52107V4.8373H8.67901C8.74997 5.06794 8.78546 5.35181 8.78546 5.6889C8.78546 6.52275 8.50159 7.22354 7.93386 7.79127C7.34839 8.37674 6.63873 8.66948 5.80488 8.66948C4.98877 8.66948 4.28798 8.37674 3.7025 7.79127C3.11703 7.2058 2.8243 6.50501 2.8243 5.6889C2.8243 5.42277 2.86865 5.13891 2.95736 4.8373H1.54691V9.52107C1.54691 9.64526 1.59126 9.75171 1.67997 9.84042C1.76868 9.91138 1.87513 9.94687 1.99932 9.94687H9.66366Z\"><\/path><\/svg>                                    <\/a>\r\n                        <\/div>\r\n\t\t\t\t<\/div>\n\t\t\t\t<\/div>\n\t\t            <\/div>\r\n        <\/div>\r\n                <div class=\"elementor-column elementor-col-66 elementor-top-column elementor-element elementor-element-0e682fb pxl-column-none pxl-column-overflow-hidden-no\" data-id=\"0e682fb\" data-element_type=\"column\">\r\n        <div class=\"elementor-widget-wrap elementor-element-populated\">\r\n                     \r\n        \t\t<div class=\"elementor-element elementor-element-4e1b9ca elementor-widget elementor-widget-pxl_heading\" data-id=\"4e1b9ca\" data-element_type=\"widget\" data-widget_type=\"pxl_heading.default\">\n\t\t\t\t<div class=\"elementor-widget-container\">\n\t\t\t\t\t\n<div id=\"pxl-pxl_heading-4e1b9ca-1287\" class=\"pxl-heading px-sub-title-default-style \">\n\t<div class=\"pxl-heading--inner\">\n\t\t\n\t\t<h3 class=\"pxl-item--title style-default highlight-default \" data-wow-delay=\"ms\">\n\n\t\t\t<span class=\"pxl-heading--text\">\n\n\t\t\t\t\t\t\t\t\tAlejandra Daguerre\t\n\t\t\t\t\t\n\n\t\t\t<\/span>\n\t\t<\/h3>\n\t\t\n\t<\/div>\n<\/div>\t\t\t\t<\/div>\n\t\t\t\t<\/div>\n\t\t\t\t<div class=\"elementor-element elementor-element-7b2f627 elementor-widget elementor-widget-pxl_text_editor\" data-id=\"7b2f627\" data-element_type=\"widget\" data-widget_type=\"pxl_text_editor.default\">\n\t\t\t\t<div class=\"elementor-widget-container\">\n\t\t\t\t\t<div class=\"pxl-text-editor highlight-gradient\">\n\t<div class=\"pxl-item--inner  \" data-wow-delay=\"ms\">\n\t\t<div class=\"perfil-alejandra\" style=\"max-width: 800px;margin: 0 auto;padding: 15px;font-family: 'Arial', sans-serif;line-height: 1.6;color: #333\"><div class=\"header-perfil\" style=\"background: linear-gradient(135deg, #5A8BB8 0%, #4F7AA6 100%);color: white;padding: 25px 15px;border-radius: 12px;text-align: center;margin-bottom: 25px\"><h1 style=\"color: white;font-size: clamp(1.5em, 5.5vw, 2.5em);margin-bottom: 8px;font-weight: 400;line-height: 1.1\">Alejandra Daguerre<\/h1><p style=\"color: white;font-size: clamp(0.9em, 3.5vw, 1.3em);margin: 0;opacity: 0.9;line-height: 1.2;font-style: italic\">Lic. en Psicolog\u00eda \u2013 Psicoterapeuta | Especialista en Salud Mental Femenina<\/p><\/div><div class=\"foto-presentacion\" style=\"background: #ffffff;padding: 20px;border-radius: 12px;margin-bottom: 25px;border: 1px solid #e8f0f7\"><div style=\"text-align: center\"><h2 style=\"color: #5a8bb8;font-size: clamp(1.2em, 4.5vw, 1.8em);margin-bottom: 10px;font-weight: 500;line-height: 1.1\">Coaching Emocional &amp; Bienestar Mental<\/h2><p style=\"color: #666;font-size: clamp(0.9em, 3vw, 1.1em);margin: 0;font-style: italic\">Especialista en procesos de cambio y transformaci\u00f3n personal<\/p><\/div><\/div><div class=\"descripcion-profesional\" style=\"background: linear-gradient(135deg, #f0f4f8 0%, #e8f0f7 100%);padding: 15px;border-radius: 12px;margin-bottom: 25px\"><p style=\"margin: 0;font-size: clamp(0.9em, 2.8vw, 1.15em);line-height: 1.6\">Alejandra es parte fundamental del programa Vitalidad en Movimiento, aportando herramientas de coaching emocional y gesti\u00f3n del bienestar mental espec\u00edficas para mujeres en esta etapa vital de transformaci\u00f3n y cambios.<\/p><\/div><div class=\"formacion-experiencia\" style=\"background: #ffffff;padding: 15px;border-radius: 12px;margin-bottom: 25px;border: 1px solid #e8f0f7\"><h3 style=\"color: #5a8bb8;font-size: clamp(1.1em, 4vw, 1.6em);margin-bottom: 15px;font-weight: 500;text-align: center;line-height: 1.1\">Formaci\u00f3n y Experiencia<\/h3><div style=\"display: flex;flex-direction: column;gap: 10px\"><div style=\"background: linear-gradient(135deg, #f2f6fa 0%, #eef4f9 100%);padding: 12px;border-radius: 8px;border-left: 4px solid #5A8BB8\"><p style=\"margin: 0;font-size: clamp(0.9em, 2.5vw, 1.05em);line-height: 1.4\">Licenciada en Psicolog\u00eda \u2013 Psicoterapeuta<\/p><\/div><div style=\"background: linear-gradient(135deg, #f0f4f8 0%, #e8f0f7 100%);padding: 12px;border-radius: 8px;border-left: 4px solid #5A8BB8\"><p style=\"margin: 0;font-size: clamp(0.9em, 2.5vw, 1.05em);line-height: 1.4\">Especialista en \u00e1rea cl\u00ednica de Adolescentes y Adultos<\/p><\/div><div style=\"background: linear-gradient(135deg, #f2f6fa 0%, #eef4f9 100%);padding: 12px;border-radius: 8px;border-left: 4px solid #5A8BB8\"><p style=\"margin: 0;font-size: clamp(0.9em, 2.5vw, 1.05em);line-height: 1.4\">Amplia experiencia en procesos de cambio y transformaci\u00f3n personal<\/p><\/div><div style=\"background: linear-gradient(135deg, #f0f4f8 0%, #e8f0f7 100%);padding: 12px;border-radius: 8px;border-left: 4px solid #5A8BB8\"><p style=\"margin: 0;font-size: clamp(0.9em, 2.5vw, 1.05em);line-height: 1.4\">Especializaci\u00f3n en coaching emocional para mujeres<\/p><\/div><div style=\"background: linear-gradient(135deg, #f2f6fa 0%, #eef4f9 100%);padding: 12px;border-radius: 8px;border-left: 4px solid #5A8BB8\"><p style=\"margin: 0;font-size: clamp(0.9em, 2.5vw, 1.05em);line-height: 1.4\">Formaci\u00f3n en t\u00e9cnicas de autorregulaci\u00f3n y gesti\u00f3n del estr\u00e9s<\/p><\/div><\/div><\/div><div class=\"areas-especializacion\" style=\"background: linear-gradient(135deg, #f0f4f8 0%, #e8f0f7 100%);padding: 15px;border-radius: 12px;margin-bottom: 25px\"><h3 style=\"color: #5a8bb8;font-size: clamp(1.1em, 4vw, 1.6em);margin-bottom: 15px;font-weight: 500;text-align: center;line-height: 1.1\">\u00c1reas de Especializaci\u00f3n<\/h3><div style=\"display: flex;flex-direction: column;gap: 8px\"><div style=\"padding-left: 10px;border-left: 3px solid #5A8BB8;font-size: clamp(0.9em, 2.5vw, 1.05em);line-height: 1.4\">Psicoterapia cl\u00ednica de adolescentes y adultos<\/div><div style=\"padding-left: 10px;border-left: 3px solid #5A8BB8;font-size: clamp(0.9em, 2.5vw, 1.05em);line-height: 1.4\">Coaching emocional para mujeres<\/div><div style=\"padding-left: 10px;border-left: 3px solid #5A8BB8;font-size: clamp(0.9em, 2.5vw, 1.05em);line-height: 1.4\">Gesti\u00f3n del bienestar mental femenino<\/div><div style=\"padding-left: 10px;border-left: 3px solid #5A8BB8;font-size: clamp(0.9em, 2.5vw, 1.05em);line-height: 1.4\">Procesos de cambio y transformaci\u00f3n personal<\/div><div style=\"padding-left: 10px;border-left: 3px solid #5A8BB8;font-size: clamp(0.9em, 2.5vw, 1.05em);line-height: 1.4\">T\u00e9cnicas de autorregulaci\u00f3n emocional<\/div><div style=\"padding-left: 10px;border-left: 3px solid #5A8BB8;font-size: clamp(0.9em, 2.5vw, 1.05em);line-height: 1.4\">Gesti\u00f3n del estr\u00e9s y ansiedad<\/div><\/div><\/div><div class=\"enfoque-terapeutico\" style=\"background: #ffffff;padding: 15px;border-radius: 12px;margin-bottom: 25px;border: 1px solid #e8f0f7\"><h3 style=\"color: #5a8bb8;font-size: clamp(1.1em, 4vw, 1.6em);margin-bottom: 15px;font-weight: 500;text-align: center;line-height: 1.1\">Su Enfoque Terap\u00e9utico<\/h3><div style=\"background: linear-gradient(135deg, #f0f4f8 0%, #e8f0f7 100%);padding: 15px;border-radius: 10px;border: 1px solid #e8f0f7\"><p style=\"margin-bottom: 15px;font-size: clamp(0.9em, 2.8vw, 1.15em);line-height: 1.6\">Alejandra integra t\u00e9cnicas de psicoterapia cl\u00ednica con herramientas de coaching emocional, creando un abordaje integral que acompa\u00f1a a las mujeres en sus procesos de cambio y crecimiento personal.<\/p><p style=\"margin: 0;font-size: clamp(0.9em, 2.8vw, 1.15em);line-height: 1.6\">Su metodolog\u00eda se centra en el desarrollo de la autorregulaci\u00f3n emocional y la gesti\u00f3n saludable del estr\u00e9s, proporcionando herramientas pr\u00e1cticas para el bienestar mental en la etapa adulta.<\/p><\/div><\/div><div class=\"etapa-transformacion\" style=\"background: linear-gradient(135deg, #f2f6fa 0%, #eef4f9 100%);padding: 15px;border-radius: 12px;margin-bottom: 25px\"><h3 style=\"color: #5a8bb8;font-size: clamp(1.1em, 4vw, 1.6em);margin-bottom: 15px;font-weight: 500;text-align: center;line-height: 1.1\">Acompa\u00f1ando la Transformaci\u00f3n<\/h3><div style=\"background: #ffffff;padding: 15px;border-radius: 10px;border-left: 4px solid #5A8BB8\"><p style=\"margin: 0;font-size: clamp(0.9em, 2.8vw, 1.15em);line-height: 1.6\">Alejandra comprende profundamente los desaf\u00edos emocionales y psicol\u00f3gicos que enfrentan las mujeres durante las transiciones vitales. Su expertise se enfoca en brindar herramientas espec\u00edficas para navegar estos cambios con mayor bienestar y claridad mental.<\/p><\/div><\/div><div class=\"contacto-profesional\" style=\"background: #ffffff;padding: 15px;border-radius: 12px;margin-bottom: 25px;border: 1px solid #e8f0f7\"><h3 style=\"color: #5a8bb8;font-size: clamp(1.1em, 4vw, 1.6em);margin-bottom: 15px;font-weight: 500;text-align: center;line-height: 1.1\">Contacto<\/h3><div style=\"display: flex;flex-direction: column;gap: 10px\"><div style=\"background: linear-gradient(135deg, #f0f4f8 0%, #e8f0f7 100%);padding: 12px;border-radius: 8px;border-left: 4px solid #5A8BB8;display: flex;align-items: center\"><span style=\"color: #5a8bb8;font-weight: 500;margin-right: 10px;font-size: clamp(0.9em, 2.5vw, 1.05em)\">Web:<\/span><br \/><span style=\"font-size: clamp(0.9em, 2.5vw, 1.05em)\">www.alejandradaguerre.com<\/span><\/div><div style=\"background: linear-gradient(135deg, #f2f6fa 0%, #eef4f9 100%);padding: 12px;border-radius: 8px;border-left: 4px solid #5A8BB8;display: flex;align-items: center\"><span style=\"color: #5a8bb8;font-weight: 500;margin-right: 10px;font-size: clamp(0.9em, 2.5vw, 1.05em)\">Instagram:<\/span><br \/><span style=\"font-size: clamp(0.9em, 2.5vw, 1.05em)\">@psico.daguerre<\/span><\/div><\/div><\/div><div class=\"enfoque-vitalidad\" style=\"background: linear-gradient(135deg, #5A8BB8 0%, #4F7AA6 100%);color: white;padding: 15px;border-radius: 12px;margin-bottom: 25px\"><h3 style=\"color: white;font-size: clamp(1.1em, 4vw, 1.6em);margin-bottom: 12px;font-weight: 500;text-align: center;line-height: 1.1\">En Vitalidad en Movimiento<\/h3><p style=\"color: white;font-size: clamp(0.9em, 2.8vw, 1.1em);margin: 0;opacity: 0.95;line-height: 1.5;text-align: center\">Alejandra aporta su expertise en psicolog\u00eda cl\u00ednica y coaching emocional para ofrecer herramientas espec\u00edficas de bienestar mental, acompa\u00f1ando a las mujeres en la gesti\u00f3n emocional de los cambios y transiciones de esta etapa vital.<\/p><\/div><div class=\"contacto-info\" style=\"background: linear-gradient(135deg, #f0f4f8 0%, #e8f0f7 100%);padding: 15px;border-radius: 12px;text-align: center\"><h3 style=\"color: #5a8bb8;font-size: clamp(1em, 3.5vw, 1.4em);margin-bottom: 10px;font-weight: 500;line-height: 1.1\">Salud Mental Femenina<\/h3><p style=\"margin: 0;font-size: clamp(0.9em, 2.8vw, 1.1em);font-weight: 500;color: #5a8bb8\">Psicoterapia &amp; Coaching Emocional<\/p><\/div><\/div>\t\t\n\t<\/div>\n<\/div>\t\t\t\t<\/div>\n\t\t\t\t<\/div>\n\t\t            <\/div>\r\n        <\/div>\r\n        \t\t\t<\/div>\n\t\t<\/section>\n\t\t\t\t<\/div>\n\t\t","protected":false},"excerpt":{"rendered":"<p>Alejandra Daguerre Alejandra Daguerre Alejandra Daguerre Lic. en Psicolog\u00eda \u2013 Psicoterapeuta | Especialista en Salud Mental Femenina Coaching Emocional &amp; Bienestar Mental Especialista en procesos de cambio y transformaci\u00f3n personal Alejandra es parte fundamental del programa Vitalidad en Movimiento, aportando herramientas de coaching emocional y gesti\u00f3n del bienestar mental espec\u00edficas para mujeres en esta etapa [&hellip;]<\/p>\n","protected":false},"author":2,"featured_media":0,"parent":0,"menu_order":0,"comment_status":"closed","ping_status":"closed","template":"","meta":{"footnotes":""},"class_list":["post-5787","page","type-page","status-publish","hentry"],"jetpack_sharing_enabled":true,"_links":{"self":[{"href":"https:\/\/crisbarcala.com.ar\/vitalidad\/wp-json\/wp\/v2\/pages\/5787","targetHints":{"allow":["GET"]}}],"collection":[{"href":"https:\/\/crisbarcala.com.ar\/vitalidad\/wp-json\/wp\/v2\/pages"}],"about":[{"href":"https:\/\/crisbarcala.com.ar\/vitalidad\/wp-json\/wp\/v2\/types\/page"}],"author":[{"embeddable":true,"href":"https:\/\/crisbarcala.com.ar\/vitalidad\/wp-json\/wp\/v2\/users\/2"}],"replies":[{"embeddable":true,"href":"https:\/\/crisbarcala.com.ar\/vitalidad\/wp-json\/wp\/v2\/comments?post=5787"}],"version-history":[{"count":8,"href":"https:\/\/crisbarcala.com.ar\/vitalidad\/wp-json\/wp\/v2\/pages\/5787\/revisions"}],"predecessor-version":[{"id":5797,"href":"https:\/\/crisbarcala.com.ar\/vitalidad\/wp-json\/wp\/v2\/pages\/5787\/revisions\/5797"}],"wp:attachment":[{"href":"https:\/\/crisbarcala.com.ar\/vitalidad\/wp-json\/wp\/v2\/media?parent=5787"}],"curies":[{"name":"wp","href":"https:\/\/api.w.org\/{rel}","templated":true}]}}