{"id":18122,"date":"2023-06-20T14:26:04","date_gmt":"2023-06-20T14:26:04","guid":{"rendered":"https:\/\/crisbarcala.com.ar\/vitalday\/?page_id=18122"},"modified":"2025-10-09T17:16:41","modified_gmt":"2025-10-09T17:16:41","slug":"about-us","status":"publish","type":"page","link":"https:\/\/crisbarcala.com.ar\/vitalday\/about-us\/","title":{"rendered":"Programa"},"content":{"rendered":"\t\t<div data-elementor-type=\"wp-page\" data-elementor-id=\"18122\" class=\"elementor elementor-18122\">\n\t\t\t\t\t\t<section class=\"elementor-section elementor-top-section elementor-element elementor-element-2a2d2b2 elementor-section-boxed elementor-section-height-default elementor-section-height-default sc_fly_static\" data-id=\"2a2d2b2\" data-element_type=\"section\">\n\t\t\t\t\t\t<div class=\"elementor-container elementor-column-gap-extended\">\n\t\t\t\t\t<div class=\"elementor-column elementor-col-100 elementor-top-column elementor-element elementor-element-7bfc4e4 sc_content_align_inherit sc_layouts_column_icons_position_left sc_fly_static\" data-id=\"7bfc4e4\" data-element_type=\"column\">\n\t\t\t<div class=\"elementor-widget-wrap\">\n\t\t\t\t\t\t\t<\/div>\n\t\t<\/div>\n\t\t\t\t\t<\/div>\n\t\t<\/section>\n\t\t\t\t<section class=\"elementor-section elementor-top-section elementor-element elementor-element-f6a2177 elementor-section-boxed elementor-section-height-default elementor-section-height-default sc_fly_static\" data-id=\"f6a2177\" data-element_type=\"section\">\n\t\t\t\t\t\t<div class=\"elementor-container elementor-column-gap-extended\">\n\t\t\t\t\t<div class=\"elementor-column elementor-col-100 elementor-top-column elementor-element elementor-element-58a8cdc sc_content_align_inherit sc_layouts_column_icons_position_left sc_fly_static\" data-id=\"58a8cdc\" data-element_type=\"column\">\n\t\t\t<div class=\"elementor-widget-wrap elementor-element-populated\">\n\t\t\t\t\t\t<div class=\"elementor-element elementor-element-15ebe57 sc_fly_static elementor-widget elementor-widget-trx_sc_title\" data-id=\"15ebe57\" data-element_type=\"widget\" data-widget_type=\"trx_sc_title.default\">\n\t\t\t\t<div class=\"elementor-widget-container\">\n\t\t\t\t\t<div\t\tclass=\"sc_title sc_title_default\" ><span class=\"sc_item_subtitle sc_title_subtitle sc_align_center sc_item_subtitle_above sc_item_title_style_default\">Una experiencia transformadora para mujeres que quieren reconectar con su energ\u00eda, su cuerpo y su prop\u00f3sito. <\/span><h2 class=\"sc_item_title sc_title_title sc_align_center sc_item_title_style_default\"\n\t\t\t><span class=\"sc_item_title_text\">TESTIMONIOS<\/span><\/h2><\/div>\t\t\t\t<\/div>\n\t\t\t\t<\/div>\n\t\t\t\t<div data-animation-type=\"sequental\" data-animation-stagger=\"\" class=\"elementor-element elementor-element-f7ffd78 animation_type_sequental sc_fly_static elementor-invisible elementor-widget elementor-widget-trx_sc_testimonials\" data-id=\"f7ffd78\" data-element_type=\"widget\" data-settings=\"{&quot;_animation&quot;:&quot;mandala-fadeinup&quot;,&quot;_animation_delay&quot;:100}\" data-widget_type=\"trx_sc_testimonials.default\">\n\t\t\t\t<div class=\"elementor-widget-container\">\n\t\t\t\t\t<div \t\tclass=\"sc_testimonials sc_testimonials_accent2\"><div  class=\"sc_testimonials_slider sc_item_slider slider_swiper_outer slider_outer slider_outer_nocontrols slider_outer_pagination slider_outer_pagination_bullets slider_outer_pagination_pos_bottom slider_outer_nocentered slider_outer_overflow_hidden slider_outer_multi\">\n\t<div  data-slides-per-view-breakpoints=\"{&quot;999999&quot;:2}\" data-slides-space-breakpoints=\"{&quot;999999&quot;:30}\" class=\"slider_container swiper-slider-container slider_swiper slider_noresize slider_nocontrols slider_pagination slider_pagination_bullets slider_pagination_pos_bottom slider_nocentered slider_overflow_hidden slider_multi\" data-slides-per-view=\"2\" data-slides-space=\"30\" data-effect=\"slide\" data-slides-min-width=\"290\" data-pagination=\"bullets\" data-direction=\"horizontal\" data-mouse-wheel=\"0\" data-autoplay=\"0\" data-loop=\"1\" data-free-mode=\"0\" data-slides-centered=\"0\" data-slides-overflow=\"0\">\n\t\t<div class=\"slides slider-wrapper swiper-wrapper sc_item_columns_2\"><div class=\"slider-slide swiper-slide\"><div data-post-id=\"488\" class=\"sc_testimonials_item sc_item_container post_container\">\n\t<div class=\"sc_testimonials_item_content\"><p data-start=\"1054\" data-end=\"1342\">Antes de llegar al vital Day mi d\u00eda era raro. Desde 2019 de no ir presencial, o sea que hab\u00eda una cierta fiaca ya instalada, adem\u00e1s llov\u00eda bastante, d\u00eda gris en general.<br \/>\nLlegu\u00e9 y Cris daba la primera charla, ya ojos h\u00famedos se ve\u00edan por ah\u00ed, de emociones retenidas y vaya a saber que problemas. Luego la Nutri Kei, que nos ense\u00f1\u00f3 que no hay que cerrarse a los 3 litros de agua y a las \u00abdietas\u00bb sino relajar y ver qu\u00e9 nos sirve a cada una. Luego el entrenamiento que como siempre un 20! Ya que con Cris ten\u00e9s una mezcla de entrenamiento y diversi\u00f3n que es hermoso. Luego los ejercicios de respiraci\u00f3n y relajaci\u00f3n en silencio d\u00f3nde mirarnos a los ojos fue una de las pr\u00e1cticas que me encant\u00f3 ya que no estamos acostumbrados a eso. Fue todo muy m\u00e1gico. El tiempo se pas\u00f3 demasiado r\u00e1pido, pero sal\u00ed con mucha energ\u00eda ( la que no hab\u00eda venido conmigo ). Como siempre feliz con Cris. Seguir\u00e9 con tus entrenamientos ya que son lo mejor<\/p>\n<\/div>\n\t<div class=\"sc_testimonials_item_author\">\n\t\t\t\t\t<div class=\"sc_testimonials_item_author_avatar\"><img decoding=\"async\" width=\"120\" height=\"120\" src=\"https:\/\/i0.wp.com\/crisbarcala.com.ar\/vitalday\/wp-content\/uploads\/2025\/07\/cropped-cb_logo.pdf-scaled-1.png?resize=120%2C120&amp;ssl=1\" class=\"attachment-mandala-thumb-tiny size-mandala-thumb-tiny wp-post-image\" alt=\"Kiki hidalgo, Buenos Aires\" srcset=\"https:\/\/i0.wp.com\/crisbarcala.com.ar\/vitalday\/wp-content\/uploads\/2025\/07\/cropped-cb_logo.pdf-scaled-1.png?w=512&amp;ssl=1 512w, https:\/\/i0.wp.com\/crisbarcala.com.ar\/vitalday\/wp-content\/uploads\/2025\/07\/cropped-cb_logo.pdf-scaled-1.png?resize=300%2C300&amp;ssl=1 300w, https:\/\/i0.wp.com\/crisbarcala.com.ar\/vitalday\/wp-content\/uploads\/2025\/07\/cropped-cb_logo.pdf-scaled-1.png?resize=150%2C150&amp;ssl=1 150w, https:\/\/i0.wp.com\/crisbarcala.com.ar\/vitalday\/wp-content\/uploads\/2025\/07\/cropped-cb_logo.pdf-scaled-1.png?resize=370%2C370&amp;ssl=1 370w, https:\/\/i0.wp.com\/crisbarcala.com.ar\/vitalday\/wp-content\/uploads\/2025\/07\/cropped-cb_logo.pdf-scaled-1.png?resize=120%2C120&amp;ssl=1 120w, https:\/\/i0.wp.com\/crisbarcala.com.ar\/vitalday\/wp-content\/uploads\/2025\/07\/cropped-cb_logo.pdf-scaled-1.png?resize=410%2C410&amp;ssl=1 410w, https:\/\/i0.wp.com\/crisbarcala.com.ar\/vitalday\/wp-content\/uploads\/2025\/07\/cropped-cb_logo.pdf-scaled-1.png?resize=270%2C270&amp;ssl=1 270w, https:\/\/i0.wp.com\/crisbarcala.com.ar\/vitalday\/wp-content\/uploads\/2025\/07\/cropped-cb_logo.pdf-scaled-1.png?resize=192%2C192&amp;ssl=1 192w, https:\/\/i0.wp.com\/crisbarcala.com.ar\/vitalday\/wp-content\/uploads\/2025\/07\/cropped-cb_logo.pdf-scaled-1.png?resize=180%2C180&amp;ssl=1 180w, https:\/\/i0.wp.com\/crisbarcala.com.ar\/vitalday\/wp-content\/uploads\/2025\/07\/cropped-cb_logo.pdf-scaled-1.png?resize=32%2C32&amp;ssl=1 32w\" sizes=\"(max-width: 120px) 100vw, 120px\" \/><\/div>\n\t\t\t\t<div class=\"sc_testimonials_item_author_data\">\n\t\t\t<h4 class=\"sc_testimonials_item_author_title\">Kiki hidalgo, Buenos Aires<\/h4>\n\t\t\t\t\t<\/div>\n\t<\/div>\n<\/div>\n<\/div><div class=\"slider-slide swiper-slide\"><div data-post-id=\"497\" class=\"sc_testimonials_item sc_item_container post_container\">\n\t<div class=\"sc_testimonials_item_content\"><p>Para m\u00ed, este d\u00eda me lleno de energ\u00eda y ganas de seguir adelante, conectarse con mujeres que buscan lo mismo que yo, hace que me motive para mantenerme activa.<br \/>\nEs una oportunidad m\u00e1s para compartir y recordar lo importante que es cuidarnos y mantenernos en movimiento juntas.<\/p>\n<p>Antes de llegar y comenzar, mi d\u00eda era de expectativa porque sab\u00eda a qu\u00e9 iba y estaba segura de encontrar lo que buscaba. Despu\u00e9s del evento uno termina con m\u00e1s ganas de continuar y feliz, recargada de mucha energ\u00eda positiva que perdura.<\/p>\n<p>Pens\u00e9 que ser\u00eda, pero me sent\u00ed m\u00e1s conectada con mujeres que comparten mis mismas ganas de mantenerse activas y disfrutar la vida, sobre todo a esta edad, que es lo que me limita mucho y creo que es el mayor motivo<br \/>\n\u00a1Sentirnos acompa\u00f1adas es lo mejor y si a eso se le suman encuentros como este, es genial! me encanta!<br \/>\n\u00a1Por m\u00e1s de estos Vital Day!!!!!<\/p>\n<\/div>\n\t<div class=\"sc_testimonials_item_author\">\n\t\t\t\t\t<div class=\"sc_testimonials_item_author_avatar\"><img decoding=\"async\" width=\"120\" height=\"120\" src=\"https:\/\/i0.wp.com\/crisbarcala.com.ar\/vitalday\/wp-content\/uploads\/2025\/07\/cropped-cb_logo.pdf-scaled-1.png?resize=120%2C120&amp;ssl=1\" class=\"attachment-mandala-thumb-tiny size-mandala-thumb-tiny wp-post-image\" alt=\"Beatriz Pascuale, Buenos Aires\" srcset=\"https:\/\/i0.wp.com\/crisbarcala.com.ar\/vitalday\/wp-content\/uploads\/2025\/07\/cropped-cb_logo.pdf-scaled-1.png?w=512&amp;ssl=1 512w, https:\/\/i0.wp.com\/crisbarcala.com.ar\/vitalday\/wp-content\/uploads\/2025\/07\/cropped-cb_logo.pdf-scaled-1.png?resize=300%2C300&amp;ssl=1 300w, https:\/\/i0.wp.com\/crisbarcala.com.ar\/vitalday\/wp-content\/uploads\/2025\/07\/cropped-cb_logo.pdf-scaled-1.png?resize=150%2C150&amp;ssl=1 150w, https:\/\/i0.wp.com\/crisbarcala.com.ar\/vitalday\/wp-content\/uploads\/2025\/07\/cropped-cb_logo.pdf-scaled-1.png?resize=370%2C370&amp;ssl=1 370w, https:\/\/i0.wp.com\/crisbarcala.com.ar\/vitalday\/wp-content\/uploads\/2025\/07\/cropped-cb_logo.pdf-scaled-1.png?resize=120%2C120&amp;ssl=1 120w, https:\/\/i0.wp.com\/crisbarcala.com.ar\/vitalday\/wp-content\/uploads\/2025\/07\/cropped-cb_logo.pdf-scaled-1.png?resize=410%2C410&amp;ssl=1 410w, https:\/\/i0.wp.com\/crisbarcala.com.ar\/vitalday\/wp-content\/uploads\/2025\/07\/cropped-cb_logo.pdf-scaled-1.png?resize=270%2C270&amp;ssl=1 270w, https:\/\/i0.wp.com\/crisbarcala.com.ar\/vitalday\/wp-content\/uploads\/2025\/07\/cropped-cb_logo.pdf-scaled-1.png?resize=192%2C192&amp;ssl=1 192w, https:\/\/i0.wp.com\/crisbarcala.com.ar\/vitalday\/wp-content\/uploads\/2025\/07\/cropped-cb_logo.pdf-scaled-1.png?resize=180%2C180&amp;ssl=1 180w, https:\/\/i0.wp.com\/crisbarcala.com.ar\/vitalday\/wp-content\/uploads\/2025\/07\/cropped-cb_logo.pdf-scaled-1.png?resize=32%2C32&amp;ssl=1 32w\" sizes=\"(max-width: 120px) 100vw, 120px\" \/><\/div>\n\t\t\t\t<div class=\"sc_testimonials_item_author_data\">\n\t\t\t<h4 class=\"sc_testimonials_item_author_title\">Beatriz Pascuale, Buenos Aires<\/h4>\n\t\t\t\t\t<\/div>\n\t<\/div>\n<\/div>\n<\/div><div class=\"slider-slide swiper-slide\"><div data-post-id=\"498\" class=\"sc_testimonials_item sc_item_container post_container\">\n\t<div class=\"sc_testimonials_item_content\"><p>\u00abConoc\u00ed a Cris en un momento en que me sent\u00eda agotada, sin energ\u00eda y desconectada de m\u00ed. Vital Day fue como un abrazo al alma. No es solo moverse: es reencontrarte con quien sos, con lo que necesit\u00e1s. Cris tiene una manera de hablarte que te atraviesa. Me fui con herramientas reales, pero sobre todo, con ganas de empezar de nuevo.\u00bb<\/p>\n<\/div>\n\t<div class=\"sc_testimonials_item_author\">\n\t\t\t\t\t<div class=\"sc_testimonials_item_author_avatar\"><img decoding=\"async\" width=\"120\" height=\"120\" src=\"https:\/\/i0.wp.com\/crisbarcala.com.ar\/vitalday\/wp-content\/uploads\/2023\/07\/testimonials-image4-copyright.jpg?resize=120%2C120&amp;ssl=1\" class=\"attachment-mandala-thumb-tiny size-mandala-thumb-tiny wp-post-image\" alt=\"Luciana R. \u2013 48 a\u00f1os, Rosario\" srcset=\"https:\/\/i0.wp.com\/crisbarcala.com.ar\/vitalday\/wp-content\/uploads\/2023\/07\/testimonials-image4-copyright.jpg?w=1000&amp;ssl=1 1000w, https:\/\/i0.wp.com\/crisbarcala.com.ar\/vitalday\/wp-content\/uploads\/2023\/07\/testimonials-image4-copyright.jpg?resize=150%2C150&amp;ssl=1 150w, https:\/\/i0.wp.com\/crisbarcala.com.ar\/vitalday\/wp-content\/uploads\/2023\/07\/testimonials-image4-copyright.jpg?resize=300%2C300&amp;ssl=1 300w, https:\/\/i0.wp.com\/crisbarcala.com.ar\/vitalday\/wp-content\/uploads\/2023\/07\/testimonials-image4-copyright.jpg?resize=768%2C768&amp;ssl=1 768w, https:\/\/i0.wp.com\/crisbarcala.com.ar\/vitalday\/wp-content\/uploads\/2023\/07\/testimonials-image4-copyright.jpg?resize=370%2C370&amp;ssl=1 370w, https:\/\/i0.wp.com\/crisbarcala.com.ar\/vitalday\/wp-content\/uploads\/2023\/07\/testimonials-image4-copyright.jpg?resize=120%2C120&amp;ssl=1 120w, https:\/\/i0.wp.com\/crisbarcala.com.ar\/vitalday\/wp-content\/uploads\/2023\/07\/testimonials-image4-copyright.jpg?resize=840%2C840&amp;ssl=1 840w, https:\/\/i0.wp.com\/crisbarcala.com.ar\/vitalday\/wp-content\/uploads\/2023\/07\/testimonials-image4-copyright.jpg?resize=410%2C410&amp;ssl=1 410w, https:\/\/i0.wp.com\/crisbarcala.com.ar\/vitalday\/wp-content\/uploads\/2023\/07\/testimonials-image4-copyright.jpg?resize=630%2C630&amp;ssl=1 630w, https:\/\/i0.wp.com\/crisbarcala.com.ar\/vitalday\/wp-content\/uploads\/2023\/07\/testimonials-image4-copyright.jpg?resize=600%2C600&amp;ssl=1 600w\" sizes=\"(max-width: 120px) 100vw, 120px\" \/><\/div>\n\t\t\t\t<div class=\"sc_testimonials_item_author_data\">\n\t\t\t<h4 class=\"sc_testimonials_item_author_title\">Luciana R. \u2013 48 a\u00f1os, Rosario<\/h4>\n\t\t\t<div class=\"sc_testimonials_item_author_subtitle\">Fitness Instructor<\/div>\t\t<\/div>\n\t<\/div>\n<\/div>\n<\/div><\/div><\/div><div class=\"slider_pagination_wrap swiper-pagination\"><\/div><\/div><\/div><!-- \/.sc_testimonials -->\t\t\t\t<\/div>\n\t\t\t\t<\/div>\n\t\t\t\t\t<\/div>\n\t\t<\/div>\n\t\t\t\t\t<\/div>\n\t\t<\/section>\n\t\t\t\t<section class=\"elementor-section elementor-top-section elementor-element elementor-element-1493d70 elementor-section-boxed elementor-section-height-default elementor-section-height-default sc_fly_static\" data-id=\"1493d70\" data-element_type=\"section\">\n\t\t\t\t\t\t<div class=\"elementor-container elementor-column-gap-extended\">\n\t\t\t\t\t<div class=\"elementor-column elementor-col-100 elementor-top-column elementor-element elementor-element-6f8be10 sc_content_align_inherit sc_layouts_column_icons_position_left sc_fly_static\" data-id=\"6f8be10\" data-element_type=\"column\">\n\t\t\t<div class=\"elementor-widget-wrap\">\n\t\t\t\t\t\t\t<\/div>\n\t\t<\/div>\n\t\t\t\t\t<\/div>\n\t\t<\/section>\n\t\t\t\t<\/div>\n\t\t","protected":false},"excerpt":{"rendered":"<p>Una experiencia transformadora para mujeres que quieren reconectar con su energ\u00eda, su cuerpo y su prop\u00f3sito. TESTIMONIOS Antes de llegar al vital Day mi d\u00eda era raro. Desde 2019 de&hellip;<\/p>\n","protected":false},"author":1,"featured_media":0,"parent":0,"menu_order":0,"comment_status":"closed","ping_status":"closed","template":"","meta":{"footnotes":""},"class_list":["post-18122","page","type-page","status-publish","hentry"],"_links":{"self":[{"href":"https:\/\/crisbarcala.com.ar\/vitalday\/wp-json\/wp\/v2\/pages\/18122","targetHints":{"allow":["GET"]}}],"collection":[{"href":"https:\/\/crisbarcala.com.ar\/vitalday\/wp-json\/wp\/v2\/pages"}],"about":[{"href":"https:\/\/crisbarcala.com.ar\/vitalday\/wp-json\/wp\/v2\/types\/page"}],"author":[{"embeddable":true,"href":"https:\/\/crisbarcala.com.ar\/vitalday\/wp-json\/wp\/v2\/users\/1"}],"replies":[{"embeddable":true,"href":"https:\/\/crisbarcala.com.ar\/vitalday\/wp-json\/wp\/v2\/comments?post=18122"}],"version-history":[{"count":88,"href":"https:\/\/crisbarcala.com.ar\/vitalday\/wp-json\/wp\/v2\/pages\/18122\/revisions"}],"predecessor-version":[{"id":43016,"href":"https:\/\/crisbarcala.com.ar\/vitalday\/wp-json\/wp\/v2\/pages\/18122\/revisions\/43016"}],"wp:attachment":[{"href":"https:\/\/crisbarcala.com.ar\/vitalday\/wp-json\/wp\/v2\/media?parent=18122"}],"curies":[{"name":"wp","href":"https:\/\/api.w.org\/{rel}","templated":true}]}}